{"id":4627,"date":"2025-01-23T00:20:17","date_gmt":"2025-01-22T23:20:17","guid":{"rendered":"https:\/\/ultimapackrafts.cz\/?post_type=product&#038;p=4627"},"modified":"2025-02-12T17:26:18","modified_gmt":"2025-02-12T16:26:18","slug":"ortlieb-atrack-35l-petrol","status":"publish","type":"product","link":"https:\/\/ultimapackrafts.cz\/en\/ortlieb-atrack-35l-petrol\/","title":{"rendered":"ORTLIEB Atrack 35L &#8211; petrol"},"content":{"rendered":"<p>Pokud jste u\u017e n\u011bkdy za\u017eili ten pocit frustrace, kdy se\u00a0marn\u011b sna\u017e\u00edte v hlubin\u00e1ch sv\u00e9ho batohu naj\u00edt konkr\u00e9tn\u00ed v\u011bc, nov\u00fd Atrack si\u00a0zcela jist\u011b zamilujete! Tento outdoorov\u00fd batoh se\u00a0toti\u017e otev\u00edr\u00e1 na zip jako b\u011b\u017en\u00e1\u00a0cestovn\u00ed ta\u0161ka,\u00a0\u010d\u00edm\u017e velmi zjednodu\u0161uje cel\u00fd proces balen\u00ed. M\u00e1te okam\u017eit\u011b p\u0159ehled, kde co je, a v\u0161echno rychle najdete. Nav\u00edc jej\u00a0m\u016f\u017eete polo\u017eit p\u0159edn\u00ed stranou na zem a ochr\u00e1nit popruhy p\u0159ed zne\u010di\u0161t\u011bn\u00edm \u010di vlhkem.<\/p>\n<p>Krom\u011b toho, \u017ee se v n\u011bm nemus\u00edte p\u0159ehrabovat, nemus\u00edte myslet ani na pl\u00e1\u0161t\u011bnku. Je jedno, jestli v\u00e1s zasko\u010d\u00ed pr\u016ft\u0159\u017e mra\u010den nebo budete muset p\u0159eplavat \u0159eku, v batohu z\u016fstanou v\u0161echny nit\u011b such\u00e9! A to d\u00edky nylonov\u00e9mu materi\u00e1lu (bez PVC) a zipu TIZIP, kter\u00e9 zaru\u010duji 100% vodot\u011bsnost. Zip se mimo to nach\u00e1z\u00ed na z\u00e1dov\u00e9 stran\u011b, co\u017e v\u00fdznamn\u011b sni\u017euje i riziko, \u017ee by se v\u00e1m do batohu pokusil n\u011bkdo dostat.<\/p>\n<p>D\u016fmysln\u00fd design tohoto batohu poskytuje maxim\u00e1ln\u00ed funk\u010dnost v\u0161em nad\u0161enc\u016fm do cestov\u00e1n\u00ed, a\u0165 u\u017e se jedn\u00e1 o p\u011b\u0161\u00ed turistiku nebo expedici na kolech, na ly\u017e\u00edch, na vod\u011b \u010di jak\u00e9koli jin\u00e9 cesty pod \u0161ir\u00fdm nebem. Jako doma se ale c\u00edt\u00ed i ve m\u011bst\u011b a sv\u016fj \u00fa\u010del v\u00fdborn\u011b spln\u00ed i na kr\u00e1tk\u00fdch v\u00fdletech.<br \/>\nAtrack je dostupn\u00fd ve t\u0159ech velikostech, t\u0159ech barevn\u00fdch proveden\u00edch a nechyb\u00ed ani\u00a0\u0161irok\u00e1 nab\u00eddka dopl\u0148k\u016f, abyste si\u00a0jej mohli p\u0159izp\u016fsobit k obrazu sv\u00e9mu. Vyberte si sv\u00e9ho favorita a vydejte se na cestu!<\/p>\n<ul>\n<li>nylonov\u00fd materi\u00e1l odoln\u00fd proti opot\u0159eben\u00ed<\/li>\n<li>4 vnit\u0159n\u00ed kapsy<\/li>\n<li>plynule nastaviteln\u00e1 z\u00e1da pro osoby r\u016fzn\u00e9 v\u00fd\u0161ky<\/li>\n<li>ergonomick\u00e9 ramenn\u00ed popruhy<\/li>\n<li>\u0161irok\u00fd, polstrovan\u00fd bedern\u00ed popruh se s\u00ed\u0165ov\u00fdmi kapsami na zip<\/li>\n<li>dv\u011bnp vn\u011bj\u0161\u00ed kapsy (nap\u0159. na l\u00e1hve s pit\u00edm)<\/li>\n<li>popruh s oky (daisy chain) na p\u0159edn\u00ed stran\u011b pro uchycen\u00ed dal\u0161\u00edch v\u011bc\u00ed<\/li>\n<li>4 kompresn\u00ed popruhy<\/li>\n<li>hermetick\u00e9 t\u011bsn\u011bn\u00ed pro v\u00fdstup pitn\u00e9 hadice<\/li>\n<\/ul>\n<p>Winner Magic Award of Outdoor Award 2018<\/p>","protected":false},"excerpt":{"rendered":"<p>Vodot\u011bsn\u00fd outdoorov\u00fd batoh<\/p>","protected":false},"featured_media":4628,"template":"","meta":{"_acf_changed":false},"product_brand":[],"product_cat":[209],"product_tag":[],"class_list":{"0":"post-4627","1":"product","2":"type-product","3":"status-publish","4":"has-post-thumbnail","6":"product_cat-ortlieb","8":"first","9":"instock","10":"taxable","11":"shipping-taxable","12":"purchasable","13":"product-type-simple"},"exclude_global_add_ons":[],"addons":[],"acf":[],"_links":{"self":[{"href":"https:\/\/ultimapackrafts.cz\/en\/wp-json\/wp\/v2\/product\/4627","targetHints":{"allow":["GET"]}}],"collection":[{"href":"https:\/\/ultimapackrafts.cz\/en\/wp-json\/wp\/v2\/product"}],"about":[{"href":"https:\/\/ultimapackrafts.cz\/en\/wp-json\/wp\/v2\/types\/product"}],"wp:featuredmedia":[{"embeddable":true,"href":"https:\/\/ultimapackrafts.cz\/en\/wp-json\/wp\/v2\/media\/4628"}],"wp:attachment":[{"href":"https:\/\/ultimapackrafts.cz\/en\/wp-json\/wp\/v2\/media?parent=4627"}],"wp:term":[{"taxonomy":"product_brand","embeddable":true,"href":"https:\/\/ultimapackrafts.cz\/en\/wp-json\/wp\/v2\/product_brand?post=4627"},{"taxonomy":"product_cat","embeddable":true,"href":"https:\/\/ultimapackrafts.cz\/en\/wp-json\/wp\/v2\/product_cat?post=4627"},{"taxonomy":"product_tag","embeddable":true,"href":"https:\/\/ultimapackrafts.cz\/en\/wp-json\/wp\/v2\/product_tag?post=4627"}],"curies":[{"name":"wp","href":"https:\/\/api.w.org\/{rel}","templated":true}]}}