{"id":4377,"date":"2025-01-23T00:13:45","date_gmt":"2025-01-22T23:13:45","guid":{"rendered":"https:\/\/ultimapackrafts.cz\/?post_type=product&#038;p=4377"},"modified":"2025-02-12T17:39:50","modified_gmt":"2025-02-12T16:39:50","slug":"ortlieb-x-tremer-59l","status":"publish","type":"product","link":"https:\/\/ultimapackrafts.cz\/en\/ortlieb-x-tremer-59l\/","title":{"rendered":"ORTLIEB  X-Tremer &#8211; 59L"},"content":{"rendered":"<p>Velk\u00fd expedi\u010dn\u00ed vodot\u011bsn\u00fd bag s popruhy a rolovac\u00edm uz\u00e1v\u011brem. Vhodn\u00fd pro p\u0159epravu velk\u00e9ho objemu v\u011bc\u00ed zejm\u00e9na jako ochrana v\u011bc\u00ed na z\u00e1kladn\u011b. D-krou\u017eky pro upevn\u011bn\u00ed, uzav\u0159en\u00ed a p\u0159epravu.<\/p>\n<p>V\u0161echny\u00a0velikosti jsou alternativou k pevn\u00fdm krabic\u00edm a objemn\u00fdm sud\u016fm. 100% vod\u011bodoln\u00fd X-Tremer se vyzna\u010duje rolovac\u00edm zap\u00edn\u00e1n\u00edm a anatomicky tvarovan\u00fdmi, polstrovan\u00fdmi a nastaviteln\u00fdmi ramenn\u00edmi popruhy s hrudn\u00edm popruhem pro pohodln\u00e9 no\u0161en\u00ed. Vhodn\u00e9 tak\u00e9 jako ochrann\u00fd p\u0159epravn\u00ed obal na zavazadla. Kdy\u017e jsou pr\u00e1zdn\u00e9, lze je snadno slo\u017eit do mal\u00e9ho bal\u00ed\u010dku.<br \/>\nDal\u0161\u00ed vlastnosti:<\/p>\n<ul>\n<li>t\u0159i D-krou\u017eky pro upevn\u011bn\u00ed a uzam\u010den\u00ed (s visac\u00edm z\u00e1mkem)<\/li>\n<li>nava\u0159ovac\u00ed z\u00e1platy s pevnost\u00ed v roztr\u017een\u00ed a\u017e 500 kg<\/li>\n<li>snadn\u00e9 \u010di\u0161t\u011bn\u00ed uvnit\u0159<\/li>\n<\/ul>\n<p><strong>Rolovac\u00ed\u00a0uz\u00e1v\u011br<\/strong><br \/>\nSnadno ovladateln\u00fd rolovac\u00ed uz\u00e1v\u011br se osv\u011bd\u010dil jako absolutn\u011b bezpe\u010dn\u00fd v ka\u017ed\u00e9 situaci. P\u0159ed pono\u0159en\u00edm do vody alespo\u0148 \u010dty\u0159ikr\u00e1t zarolujte a zapn\u011bte p\u0159ezky.<\/p>\n<p><strong>Pozn\u00e1mka:<\/strong><br \/>\nUveden\u00e1 v\u00fd\u0161ka se t\u00fdk\u00e1 uzav\u0159en\u00fdch such\u00fdch pytl\u016f, kter\u00e9 se t\u0159ikr\u00e1t roluj\u00ed. Pro celkovou\u00a0d\u00e9lku pytle p\u0159idejte cca 20 cm.<\/p>","protected":false},"excerpt":{"rendered":"<p>Velkoobjemov\u00fd lodn\u00ed vak s popruhy na z\u00e1da.<\/p>","protected":false},"featured_media":4378,"template":"","meta":{"_acf_changed":false},"product_brand":[],"product_cat":[209],"product_tag":[],"class_list":{"0":"post-4377","1":"product","2":"type-product","3":"status-publish","4":"has-post-thumbnail","6":"product_cat-ortlieb","8":"first","9":"instock","10":"taxable","11":"shipping-taxable","12":"purchasable","13":"product-type-simple"},"exclude_global_add_ons":[],"addons":[],"acf":[],"_links":{"self":[{"href":"https:\/\/ultimapackrafts.cz\/en\/wp-json\/wp\/v2\/product\/4377","targetHints":{"allow":["GET"]}}],"collection":[{"href":"https:\/\/ultimapackrafts.cz\/en\/wp-json\/wp\/v2\/product"}],"about":[{"href":"https:\/\/ultimapackrafts.cz\/en\/wp-json\/wp\/v2\/types\/product"}],"wp:featuredmedia":[{"embeddable":true,"href":"https:\/\/ultimapackrafts.cz\/en\/wp-json\/wp\/v2\/media\/4378"}],"wp:attachment":[{"href":"https:\/\/ultimapackrafts.cz\/en\/wp-json\/wp\/v2\/media?parent=4377"}],"wp:term":[{"taxonomy":"product_brand","embeddable":true,"href":"https:\/\/ultimapackrafts.cz\/en\/wp-json\/wp\/v2\/product_brand?post=4377"},{"taxonomy":"product_cat","embeddable":true,"href":"https:\/\/ultimapackrafts.cz\/en\/wp-json\/wp\/v2\/product_cat?post=4377"},{"taxonomy":"product_tag","embeddable":true,"href":"https:\/\/ultimapackrafts.cz\/en\/wp-json\/wp\/v2\/product_tag?post=4377"}],"curies":[{"name":"wp","href":"https:\/\/api.w.org\/{rel}","templated":true}]}}