{"id":2840,"date":"2024-03-05T16:26:53","date_gmt":"2024-03-05T15:26:53","guid":{"rendered":"https:\/\/ultimapackrafts.cz\/?post_type=product&#038;p=2840"},"modified":"2026-03-12T18:20:39","modified_gmt":"2026-03-12T17:20:39","slug":"sada-zaplat-na-packrafty","status":"publish","type":"product","link":"https:\/\/ultimapackrafts.cz\/en\/sada-zaplat-na-packrafty\/","title":{"rendered":"Patch set for packrafts."},"content":{"rendered":"<p>Sada z\u00e1plat v plastov\u00e9m pouzd\u0159e ide\u00e1ln\u00ed pro opravy lodi p\u0159\u00edmo na m\u00edst\u011b.<\/p>\n<p>Available in all Ultima Packrafts colours.<\/p>\n<p>Includes 3 large rectangular patches, six small circular patches and a plastic spatula to repair the puncture.<\/p>","protected":false},"excerpt":{"rendered":"<p>A set of patches in a plastic case ideal for on-the-spot boat repairs.<\/p>","protected":false},"featured_media":2839,"template":"","meta":{"_acf_changed":false},"product_brand":[],"product_cat":[55,61],"product_tag":[],"class_list":{"0":"post-2840","1":"product","2":"type-product","3":"status-publish","4":"has-post-thumbnail","6":"product_cat-doplnky-kategorie","7":"product_cat-opravy-lodi","9":"first","10":"instock","11":"taxable","12":"shipping-taxable","13":"purchasable","14":"product-type-simple"},"exclude_global_add_ons":[],"addons":[],"acf":[],"_links":{"self":[{"href":"https:\/\/ultimapackrafts.cz\/en\/wp-json\/wp\/v2\/product\/2840","targetHints":{"allow":["GET"]}}],"collection":[{"href":"https:\/\/ultimapackrafts.cz\/en\/wp-json\/wp\/v2\/product"}],"about":[{"href":"https:\/\/ultimapackrafts.cz\/en\/wp-json\/wp\/v2\/types\/product"}],"wp:featuredmedia":[{"embeddable":true,"href":"https:\/\/ultimapackrafts.cz\/en\/wp-json\/wp\/v2\/media\/2839"}],"wp:attachment":[{"href":"https:\/\/ultimapackrafts.cz\/en\/wp-json\/wp\/v2\/media?parent=2840"}],"wp:term":[{"taxonomy":"product_brand","embeddable":true,"href":"https:\/\/ultimapackrafts.cz\/en\/wp-json\/wp\/v2\/product_brand?post=2840"},{"taxonomy":"product_cat","embeddable":true,"href":"https:\/\/ultimapackrafts.cz\/en\/wp-json\/wp\/v2\/product_cat?post=2840"},{"taxonomy":"product_tag","embeddable":true,"href":"https:\/\/ultimapackrafts.cz\/en\/wp-json\/wp\/v2\/product_tag?post=2840"}],"curies":[{"name":"wp","href":"https:\/\/api.w.org\/{rel}","templated":true}]}}