{"id":2740,"date":"2024-02-23T15:30:13","date_gmt":"2024-02-23T14:30:13","guid":{"rendered":"https:\/\/ultimapackrafts.cz\/?post_type=product&#038;p=2740"},"modified":"2026-05-03T18:20:51","modified_gmt":"2026-05-03T17:20:51","slug":"handpump-anfibio-handpumpe","status":"publish","type":"product","link":"https:\/\/ultimapackrafts.cz\/en\/rucni-vzduchova-pumpa-anfibio-handpumpe\/","title":{"rendered":"Hand airpump Anfibio Handpumpe"},"content":{"rendered":"<p>Tato lehk\u00e1 mal\u00e1 ru\u010dn\u00ed pumpi\u010dka je vhodn\u00e1 pro fin\u00e1ln\u00ed dofouknut\u00ed packraftu, pop\u0159. pro dofouknut\u00ed packraftu b\u011bhem j\u00edzdy.<\/p>\n<p>Klasick\u00fd postup p\u0159i nafouknut\u00ed packraftu je prvotn\u00ed nafouknut\u00ed pomoc\u00ed nafukovac\u00edho vaku, nebo pohodln\u011bji pomoc\u00ed elektrick\u00e9 pumpi\u010dky. Ty v\u0161ak nedok\u00e1\u017e\u00ed packraft dofouknout a\u017e do \u00fapln\u00e9ho konce (po\u017eadovan\u00fd tlak na\u0161ich packraft\u016f je cca 0,8 BAR). Fin\u00e1ln\u00ed dofouknut\u00ed provedete \u00fasty nebo pr\u00e1v\u011b touto skv\u011blou pumpi\u010dkou.<\/p>\n<p>Pumpi\u010dka m\u00e1 70 cm dlouhou hadici, d\u00edky kter\u00e9 lehce dofouknete packraft i p\u0159\u00edmo za j\u00edzdy na vod\u011b.<\/p>\n<p>V\u00edce o nafukov\u00e1n\u00ed packraftu naleznete v<a href=\"https:\/\/ultimapackrafts.cz\/en\/packraft-inflation\/?wmc-currency=EUR\"> na\u0161em \u010dl\u00e1nku<\/a>.<\/p>","protected":false},"excerpt":{"rendered":"<p>Small handpump for final inlation of the packraft.<\/p>","protected":false},"featured_media":2741,"template":"","meta":{"_acf_changed":false},"product_brand":[],"product_cat":[55,133],"product_tag":[],"class_list":{"0":"post-2740","1":"product","2":"type-product","3":"status-publish","4":"has-post-thumbnail","6":"product_cat-doplnky-kategorie","7":"product_cat-pumpy","9":"first","10":"instock","11":"taxable","12":"shipping-taxable","13":"purchasable","14":"product-type-simple"},"exclude_global_add_ons":[],"addons":[],"acf":[],"_links":{"self":[{"href":"https:\/\/ultimapackrafts.cz\/en\/wp-json\/wp\/v2\/product\/2740","targetHints":{"allow":["GET"]}}],"collection":[{"href":"https:\/\/ultimapackrafts.cz\/en\/wp-json\/wp\/v2\/product"}],"about":[{"href":"https:\/\/ultimapackrafts.cz\/en\/wp-json\/wp\/v2\/types\/product"}],"wp:featuredmedia":[{"embeddable":true,"href":"https:\/\/ultimapackrafts.cz\/en\/wp-json\/wp\/v2\/media\/2741"}],"wp:attachment":[{"href":"https:\/\/ultimapackrafts.cz\/en\/wp-json\/wp\/v2\/media?parent=2740"}],"wp:term":[{"taxonomy":"product_brand","embeddable":true,"href":"https:\/\/ultimapackrafts.cz\/en\/wp-json\/wp\/v2\/product_brand?post=2740"},{"taxonomy":"product_cat","embeddable":true,"href":"https:\/\/ultimapackrafts.cz\/en\/wp-json\/wp\/v2\/product_cat?post=2740"},{"taxonomy":"product_tag","embeddable":true,"href":"https:\/\/ultimapackrafts.cz\/en\/wp-json\/wp\/v2\/product_tag?post=2740"}],"curies":[{"name":"wp","href":"https:\/\/api.w.org\/{rel}","templated":true}]}}