{"id":2511,"date":"2024-02-01T22:19:23","date_gmt":"2024-02-01T21:19:23","guid":{"rendered":"https:\/\/ultimapackrafts.cz\/?post_type=product&#038;p=2511"},"modified":"2025-02-28T13:55:41","modified_gmt":"2025-02-28T12:55:41","slug":"hiko-guardian-3-d","status":"publish","type":"product","link":"https:\/\/ultimapackrafts.cz\/en\/hiko-guardian-3-d\/","title":{"rendered":"Hiko Guardian 3.D"},"content":{"rendered":"<p align=\"LEFT\">The top HIKO model for the most demanding packrafters. The Guardian 3.D is here to protect and support you even in the most demanding situations. 3D shaping ensures that the vest doesn't move from the body, doesn't go anywhere and stays where it should.<\/p>\n<ul>\n<li>\u00a0<strong>3.D?<\/strong> It is the process of pre-shaping the back panel of the vest so that it fits even better anatomically to the rider's body, in any movement. The 3.D cut also fits smaller riders better.<\/li>\n<li class=\"translation-block\">Thanks to the telescopic system, the side panels retract (and stay in place) in the tunnel, eliminating bulk and unnecessary movement while keeping your ribs protected.<\/li>\n<li><strong>Nastaviteln\u00e9 a polstrovan\u00e9 ramenn\u00ed popruhy<\/strong> .<\/li>\n<li><strong>Harness system<\/strong> chest strap with quick release buckle and stainless steel ring.<\/li>\n<li>The inner straps are connected vertically and horizontally to create an even stronger connection.<\/li>\n<li><strong>Large front zipped pocket<\/strong> opens wide, allowing easy and quick access and organization of equipment.<\/li>\n<li><strong>The knife holder<\/strong> is partially protected by Cordura, this prevents accidental catching and jamming of the holder or knife.<\/li>\n<li>Large  pocket <strong>with fleece lining<\/strong> behind the front panel of the vest serves to warm up cramped hands.<\/li>\n<li>Supplied with integrated whistle in shoulder holster.<\/li>\n<li>Certificate  ISO 12402-5 a ISO 12402-6.<\/li>\n<\/ul>\n<table border=\"1\" width=\"693\" cellspacing=\"1\" cellpadding=\"1\">\n<tbody>\n<tr>\n<td width=\"143\" height=\"20\">Size<\/td>\n<td width=\"61\">XS<\/td>\n<td width=\"61\">S \/ M<\/td>\n<td width=\"61\">L \/ XL<\/td>\n<td width=\"61\">2XL<\/td>\n<\/tr>\n<tr>\n<td height=\"20\">Weight of paddler (kg)<\/td>\n<td>30 &#8211; 50<\/td>\n<td>30 &#8211; 75<\/td>\n<td>50 &#8211; 90<\/td>\n<td>80+<\/td>\n<\/tr>\n<tr>\n<td height=\"20\">Buoyancy<\/td>\n<td>65<\/td>\n<td>75<\/td>\n<td>85<\/td>\n<td>90<\/td>\n<\/tr>\n<\/tbody>\n<\/table>","protected":false},"excerpt":{"rendered":"<p>The PFD for the most demanding packrafters.<\/p>","protected":false},"featured_media":2513,"template":"","meta":{"_acf_changed":false},"product_brand":[],"product_cat":[55,57],"product_tag":[],"class_list":{"0":"post-2511","1":"product","2":"type-product","3":"status-publish","4":"has-post-thumbnail","6":"product_cat-doplnky-kategorie","7":"product_cat-vesty","9":"first","10":"instock","11":"taxable","12":"shipping-taxable","13":"purchasable","14":"product-type-variable"},"exclude_global_add_ons":[],"addons":[],"acf":[],"_links":{"self":[{"href":"https:\/\/ultimapackrafts.cz\/en\/wp-json\/wp\/v2\/product\/2511","targetHints":{"allow":["GET"]}}],"collection":[{"href":"https:\/\/ultimapackrafts.cz\/en\/wp-json\/wp\/v2\/product"}],"about":[{"href":"https:\/\/ultimapackrafts.cz\/en\/wp-json\/wp\/v2\/types\/product"}],"wp:featuredmedia":[{"embeddable":true,"href":"https:\/\/ultimapackrafts.cz\/en\/wp-json\/wp\/v2\/media\/2513"}],"wp:attachment":[{"href":"https:\/\/ultimapackrafts.cz\/en\/wp-json\/wp\/v2\/media?parent=2511"}],"wp:term":[{"taxonomy":"product_brand","embeddable":true,"href":"https:\/\/ultimapackrafts.cz\/en\/wp-json\/wp\/v2\/product_brand?post=2511"},{"taxonomy":"product_cat","embeddable":true,"href":"https:\/\/ultimapackrafts.cz\/en\/wp-json\/wp\/v2\/product_cat?post=2511"},{"taxonomy":"product_tag","embeddable":true,"href":"https:\/\/ultimapackrafts.cz\/en\/wp-json\/wp\/v2\/product_tag?post=2511"}],"curies":[{"name":"wp","href":"https:\/\/api.w.org\/{rel}","templated":true}]}}